{"id":2293,"date":"2022-11-03T14:24:40","date_gmt":"2022-11-03T14:24:40","guid":{"rendered":"https:\/\/www.sssb.se\/domus"},"modified":"2026-01-29T14:13:55","modified_gmt":"2026-01-29T11:13:55","slug":"domus","status":"publish","type":"page","link":"https:\/\/www.sssb.se\/en\/domus\/","title":{"rendered":"Domus"},"content":{"rendered":"\n<p>At Domus you truly live in classic student quarters. In addition to being next to KTH and near Stockholm University, the house is Stockholm&#8217;s first student dormitory, built in 1953.<\/p>\n","protected":false},"excerpt":{"rendered":"<p>At Domus you truly live in classic student quarters. In addition to being next to KTH and near Stockholm University, the house is Stockholm&#8217;s first student dormitory, built in 1953.<\/p>\n","protected":false},"author":7,"featured_media":1565,"parent":0,"menu_order":0,"comment_status":"closed","ping_status":"closed","template":"templates\/template-area.php","meta":{"_acf_changed":false,"_monsterinsights_skip_tracking":false,"_monsterinsights_sitenote_active":false,"_monsterinsights_sitenote_note":"","_monsterinsights_sitenote_category":0,"footnotes":"","_links_to":"","_links_to_target":""},"class_list":["post-2293","page","type-page","status-publish","has-post-thumbnail","hentry"],"acf":{"gallery":[33016,33014,33006,33008,33012,34305],"icons":[{"icon":38630,"text":"Tenants' association"},{"icon":38626,"text":"Communal rooms"},{"icon":38639,"text":"Parking area "},{"icon":38659,"text":"Close to Universities"}],"related_tag":null,"additional_content":"<strong>Address<\/strong>\r\nK\u00f6rsb\u00e4rsv\u00e4gen 3-5, 114 23 Stockholm.\r\n\r\n<b>Built- in fixtures\r\n<\/b>In apartments with kitchenettes there is a fridge and cooking facilities. There is either an oven or a microwave with a grill function.\r\nIn apartments with kitchens there is a fridge\/freezer and a stove with oven. All apartments are rented unfurnished\r\n\r\n<strong>Storage\r\n<\/strong>To each accommodation unit\u00a0there is a\u00a0cellar storage space or an external storage space in the attic\u00a0on the 5th floor.\r\n\r\n<strong>Elevator<\/strong>\r\nYes, elevator is available.\r\n\r\n<strong>Tenants' association\r\n<\/strong>Communal function rooms are available. The local tenants\u2019 association are repsonsible for these spaces. Joint association between Domus and Nyponet.\r\n\r\n<strong>Laundry room<\/strong>\r\nThe laundry room is situated in the basement.\r\n\r\n<strong>Other\r\n<\/strong>A broadband fee is added to the rent invoice. A major renovation of Domus was completed in 1976, providing all apartments with their own cooking facilities. The property has five floors.","pdf_files":null,"facts_title":"Housing facts","facts_subtitle_left":"Number of housing","facts_subtitle_right":"Average queue time","facts_table":[{"number_of_apt":"61","description":"1 room & kitchen\/kitchenette","price":"4 109-7 478 kr\/m\u00e5n","size":"17-33 m\u00b2","queue_time":"1345"},{"number_of_apt":"51","description":"2 rooms & kitchen\/kitchenette","price":"6 512-8 577 kr\/m\u00e5n","size":"36-58 m\u00b2","queue_time":"1220"}],"location":{"address":"K\u00f6rsb\u00e4rsv\u00e4gen 3-5, Stockholm, Sverige","lat":59.3486199,"lng":18.0639364,"zoom":14,"place_id":"ChIJ0w-uemudX0YRKfhn1lwJZ3k","street_number":3,"street_name":"K\u00f6rsb\u00e4rsv\u00e4gen","city":"Stockholm","state":"Stockholms l\u00e4n","post_code":"114 23","country":"Sverige","country_short":"SE"},"custom_marker":32034,"big_map_content":"<h4><a href=\"https:\/\/www.sssb.se\/en\/domus\/\">Residential area Domus<\/a><\/h4>\r\n<span class=\"jCAhz ChMk0b\"><span class=\"ryNqvb\">Here you can find 1 room &amp; kitchenette and 2 rooms &amp; kitchen. There are a total of 112 homes.\r\nThe rent is between SEK 4 109-8 577\/month.\r\n<\/span><\/span><span class=\"jCAhz ChMk0b\"><span class=\"ryNqvb\">Credit days are between 1220-1345 days on average.<\/span><\/span>\r\n\r\n&nbsp;","details":[{"icon":"subway","text":"200 m to the Metro station Tekniska h\u00f6gskolan"},{"icon":"food","text":"400 m to the nearest grocery store"},{"icon":"university","text":"9 min walk to the nearest university, which is KTH"}],"api_area_name":""},"_links":{"self":[{"href":"https:\/\/www.sssb.se\/en\/wp-json\/wp\/v2\/pages\/2293","targetHints":{"allow":["GET"]}}],"collection":[{"href":"https:\/\/www.sssb.se\/en\/wp-json\/wp\/v2\/pages"}],"about":[{"href":"https:\/\/www.sssb.se\/en\/wp-json\/wp\/v2\/types\/page"}],"author":[{"embeddable":true,"href":"https:\/\/www.sssb.se\/en\/wp-json\/wp\/v2\/users\/7"}],"replies":[{"embeddable":true,"href":"https:\/\/www.sssb.se\/en\/wp-json\/wp\/v2\/comments?post=2293"}],"version-history":[{"count":27,"href":"https:\/\/www.sssb.se\/en\/wp-json\/wp\/v2\/pages\/2293\/revisions"}],"predecessor-version":[{"id":38953,"href":"https:\/\/www.sssb.se\/en\/wp-json\/wp\/v2\/pages\/2293\/revisions\/38953"}],"acf:attachment":[{"embeddable":true,"href":"https:\/\/www.sssb.se\/en\/wp-json\/wp\/v2\/media\/34305"},{"embeddable":true,"href":"https:\/\/www.sssb.se\/en\/wp-json\/wp\/v2\/media\/33012"},{"embeddable":true,"href":"https:\/\/www.sssb.se\/en\/wp-json\/wp\/v2\/media\/33008"},{"embeddable":true,"href":"https:\/\/www.sssb.se\/en\/wp-json\/wp\/v2\/media\/33006"},{"embeddable":true,"href":"https:\/\/www.sssb.se\/en\/wp-json\/wp\/v2\/media\/33014"},{"embeddable":true,"href":"https:\/\/www.sssb.se\/en\/wp-json\/wp\/v2\/media\/33016"}],"wp:featuredmedia":[{"embeddable":true,"href":"https:\/\/www.sssb.se\/en\/wp-json\/wp\/v2\/media\/1565"}],"wp:attachment":[{"href":"https:\/\/www.sssb.se\/en\/wp-json\/wp\/v2\/media?parent=2293"}],"curies":[{"name":"wp","href":"https:\/\/api.w.org\/{rel}","templated":true}]}}