{"id":31068,"date":"2022-11-17T10:46:38","date_gmt":"2022-11-17T10:46:38","guid":{"rendered":"https:\/\/www.sssb.se\/balder"},"modified":"2026-01-29T14:04:04","modified_gmt":"2026-01-29T11:04:04","slug":"balder","status":"publish","type":"page","link":"https:\/\/www.sssb.se\/en\/balder\/","title":{"rendered":"Balder"},"content":{"rendered":"\n<p>Balder is situated in Ektorp, Nacka, in a tranquil, leafy residential area to the east of Stockholm city centre. Here you can combine classic accommodation in student corridors.<\/p>\n","protected":false},"excerpt":{"rendered":"<p>Balder is situated in Ektorp, Nacka, in a tranquil, leafy residential area to the east of Stockholm city centre. Here you can combine classic accommodation in student corridors.<\/p>\n","protected":false},"author":7,"featured_media":2192,"parent":0,"menu_order":0,"comment_status":"closed","ping_status":"closed","template":"templates\/template-area.php","meta":{"_acf_changed":false,"_monsterinsights_skip_tracking":false,"_monsterinsights_sitenote_active":false,"_monsterinsights_sitenote_note":"","_monsterinsights_sitenote_category":0,"footnotes":"","_links_to":"","_links_to_target":""},"class_list":["post-31068","page","type-page","status-publish","has-post-thumbnail","hentry"],"acf":{"gallery":[32966,32962,32960,35594,32958,34257,34259],"icons":[{"icon":38628,"text":"BBQ area"},{"icon":38617,"text":"Close to nature"},{"icon":38630,"text":"Tenants' association"},{"icon":38626,"text":"Communal room"},{"icon":38645,"text":"Sauna"},{"icon":38639,"text":"Parking"}],"related_tag":null,"additional_content":"<strong>Address<\/strong>\r\nEdinsv\u00e4gen 22 A-B, 131 47 Nacka.\r\n\r\n<strong>Bicycle\r\n<\/strong>There is a bicycle room in the basement.\r\n\r\n<b>Built-in fixtures\r\n<\/b>In apartments with kitchenettes there is a fridge and cooking facilities. In some apartments there is also an oven or a microwave.\r\nIn apartments with kitchen there is a fridge\/freezer and a stove with oven. Communal kitchens have fridges\/freezers and stoves with oven. All accommodations are rented unfurnished.\r\n\r\n<strong>Storage\r\n<\/strong>Please contact your House Caretaker regarding a storage room.\r\n\r\n<strong>Elevator<\/strong>\r\nNo. there is no elevator available.\r\n\r\n<strong>Tenants' association\r\n<\/strong>Communal function rooms such as gym, sauna and assembly room are available.The local tenants\u2019 association is responsible for these premises.\r\n\r\n<strong>Laundry room<\/strong>\r\nThe laundry room is situated in the basement.\r\n\r\n<strong>Other\r\n<\/strong>Heating of the apartment and water are included in the rent. A broadband fee is added to the rent invoice. The property is connected to district heating with water-based heating. The building underwent extensive renovation in connection with our purchase in 1997. The property has three floors.","pdf_files":null,"facts_title":"Housing facts","facts_subtitle_left":"Number of housing","facts_subtitle_right":"Average queue time","facts_table":[{"number_of_apt":"60","description":"Corridor rooms","price":"3223-4 015 ","size":"15-17 m\u00b2","queue_time":"114"},{"number_of_apt":"32","description":"1 room & kitchenette","price":"4 011-4 180 ","size":"29-31 m\u00b2","queue_time":"854"},{"number_of_apt":"1","description":"2 rooms & kitchenette","price":"5 575 ","size":"49 m\u00b2","queue_time":"984"},{"number_of_apt":"1","description":"3 rooms & kitchen","price":"8 048 ","size":"83 m\u00b2","queue_time":"1083"}],"location":{"address":"Edinsv\u00e4gen 22, Nacka, Sverige","lat":59.3135072,"lng":18.1993729,"zoom":14,"place_id":"ChIJi61IsnaCX0YRCBPA732zruE","name":"Edinsv\u00e4gen 22","street_number":22,"street_name":"Edinsv\u00e4gen","city":"Nacka","state":"Stockholms l\u00e4n","post_code":"131 47","country":"Sverige","country_short":"SE"},"custom_marker":32034,"big_map_content":"<h4><a href=\"https:\/\/www.sssb.se\/en\/balder\/\">Residential area Balder<\/a><\/h4>\r\nHere there are corridor rooms and 1-3 rooms &amp; kitchenette\/kitchen. A total of 94 homes.\r\nThe rent is between SEK 3 223-8 048\/month.\r\nCredit days are between 114-1083 on average.","details":[{"icon":"bus","text":"450 m to the nearest bus stop"},{"icon":"food","text":"350 m to the nearest grocery store"},{"icon":"university","text":"45 minutes by public transport to the nearest university, which is KTH"}],"api_area_name":""},"_links":{"self":[{"href":"https:\/\/www.sssb.se\/en\/wp-json\/wp\/v2\/pages\/31068","targetHints":{"allow":["GET"]}}],"collection":[{"href":"https:\/\/www.sssb.se\/en\/wp-json\/wp\/v2\/pages"}],"about":[{"href":"https:\/\/www.sssb.se\/en\/wp-json\/wp\/v2\/types\/page"}],"author":[{"embeddable":true,"href":"https:\/\/www.sssb.se\/en\/wp-json\/wp\/v2\/users\/7"}],"replies":[{"embeddable":true,"href":"https:\/\/www.sssb.se\/en\/wp-json\/wp\/v2\/comments?post=31068"}],"version-history":[{"count":27,"href":"https:\/\/www.sssb.se\/en\/wp-json\/wp\/v2\/pages\/31068\/revisions"}],"predecessor-version":[{"id":38940,"href":"https:\/\/www.sssb.se\/en\/wp-json\/wp\/v2\/pages\/31068\/revisions\/38940"}],"acf:attachment":[{"embeddable":true,"href":"https:\/\/www.sssb.se\/en\/wp-json\/wp\/v2\/media\/34259"},{"embeddable":true,"href":"https:\/\/www.sssb.se\/en\/wp-json\/wp\/v2\/media\/34257"},{"embeddable":true,"href":"https:\/\/www.sssb.se\/en\/wp-json\/wp\/v2\/media\/32958"},{"embeddable":true,"href":"https:\/\/www.sssb.se\/en\/wp-json\/wp\/v2\/media\/35594"},{"embeddable":true,"href":"https:\/\/www.sssb.se\/en\/wp-json\/wp\/v2\/media\/32960"},{"embeddable":true,"href":"https:\/\/www.sssb.se\/en\/wp-json\/wp\/v2\/media\/32962"},{"embeddable":true,"href":"https:\/\/www.sssb.se\/en\/wp-json\/wp\/v2\/media\/32966"}],"wp:featuredmedia":[{"embeddable":true,"href":"https:\/\/www.sssb.se\/en\/wp-json\/wp\/v2\/media\/2192"}],"wp:attachment":[{"href":"https:\/\/www.sssb.se\/en\/wp-json\/wp\/v2\/media?parent=31068"}],"curies":[{"name":"wp","href":"https:\/\/api.w.org\/{rel}","templated":true}]}}