{"id":31070,"date":"2022-11-17T10:47:02","date_gmt":"2022-11-17T10:47:02","guid":{"rendered":"https:\/\/www.sssb.se\/birka"},"modified":"2026-01-29T14:04:49","modified_gmt":"2026-01-29T11:04:49","slug":"birka","status":"publish","type":"page","link":"https:\/\/www.sssb.se\/en\/birka\/","title":{"rendered":"Birka"},"content":{"rendered":"\n<p>From Birka, it is close to S\u00f6dermalm and the city, and with just a short walk to the subway, you can easily get to all of Stockholm&#8217;s universities and colleges.<\/p>\n","protected":false},"excerpt":{"rendered":"<p>From Birka, it is close to S\u00f6dermalm and the city, and with just a short walk to the subway, you can easily get to all of Stockholm&#8217;s universities and colleges.<\/p>\n","protected":false},"author":7,"featured_media":2199,"parent":0,"menu_order":0,"comment_status":"closed","ping_status":"closed","template":"templates\/template-area.php","meta":{"_acf_changed":false,"_monsterinsights_skip_tracking":false,"_monsterinsights_sitenote_active":false,"_monsterinsights_sitenote_note":"","_monsterinsights_sitenote_category":0,"footnotes":"","_links_to":"","_links_to_target":""},"class_list":["post-31070","page","type-page","status-publish","has-post-thumbnail","hentry"],"acf":{"gallery":[31542,2197,2201,35598,2203,2269,2205],"icons":[{"icon":38617,"text":"Close to nature"},{"icon":38688,"text":"New construction"},{"icon":38621,"text":"Balconies"},{"icon":38623,"text":"Outdoor gym"}],"related_tag":null,"additional_content":"<strong>Addresses<\/strong>\r\nSimrishamnsv\u00e4gen 15, 121 53 Johanneshov.\r\nUnderstensv\u00e4gen 10 + 20, 121 53 Johanneshov.\r\n\r\n<b>Built-in fixtures\r\n<\/b>All apartments have a fully equipped kitchen with fridge\/freezer and stove with oven. All apartments are rented unfurnished\r\n\r\n<strong>Storage\r\n<\/strong>There are no external storage units. Storage options are available in each home.\r\n\r\n<strong>Elevator<\/strong>\r\nYes, there is a elevator at Simrishamnsv\u00e4gen 15 and Understensv\u00e4gen 10 + 20.\r\n\r\n<strong>Tenants' association\r\n<\/strong>There is no tenants\u2019 association for this area.\r\n\r\n<strong>Parking\r\n<\/strong>There are parking spaces for tenants to rent in the area. Contact Stockholms stad for parking.\r\n\r\n<strong>Laundry room<\/strong>\r\nAt Simrishamnsv\u00e4gen 15, the laundry room is on the entrance level.\r\nAt Understensv\u00e4gen 10 + 20 there is a laundry room at the main entrance in each house.\r\n\r\n<strong>Other\r\n<\/strong>Heating of the apartment is included in the rent. A broadband fee is added to the rent invoice. Electricity is not included in the rent and you need to sign your own electricity contract. All apartments have individual hot water metering.\u00a0Birka was built in 2022. Simrishamnsv\u00e4gen 15 has ten storeys, one of which is a basement level. Understensv\u00e4gen 10 and 20 have four floors.","pdf_files":[{"pdf_file":34737,"pdf_file_link_text":"Download area map of Birka"}],"facts_title":"Housing facts","facts_subtitle_left":"Number of housing","facts_subtitle_right":"Average queue time","facts_table":[{"number_of_apt":"144","description":"1 room & kitchen","price":"7 550-8 551 ","size":"21-26 m\u00b2","queue_time":"401"},{"number_of_apt":"22","description":"2 rooms & kitchen","price":"11 416-11 697 ","size":"43-44 m\u00b2","queue_time":"677"}],"location":{"address":"Simrishamnsv\u00e4gen 15, Johanneshov, Sverige","lat":59.288995,"lng":18.118767,"zoom":14,"place_id":"EjBTaW1yaXNoYW1uc3bDpGdlbiAxNSwgMTIxIDUzIEpvaGFubmVzaG92LCBTd2VkZW4iMBIuChQKEgl9nQG1RnhfRhHd0gpJINAIMRAPKhQKEgkN7UK1RnhfRhEF4kfo5i3CKw","name":"Simrishamnsv\u00e4gen 15","street_number":15,"street_name":"Simrishamnsv\u00e4gen","city":"Johanneshov","state":"Stockholms l\u00e4n","post_code":"121 53","country":"Sverige","country_short":"SE"},"custom_marker":32034,"big_map_content":"<h4><a href=\"https:\/\/www.sssb.se\/en\/birka\/\">Residential area Birka<\/a><\/h4>\r\nHere there are 1-2 rooms &amp; kitchen. A total of 166 homes.\r\nThe rent is between SEK 7 550-11 697\/month.\r\nCredit days are between 401-677 on average.","details":[{"icon":"subway","text":"600 m to the nearest Metro station"},{"icon":"food","text":"450 m to the nearest grocery store"},{"icon":"university","text":"37 minutes by public transport to the nearest university, which is KTH"}],"api_area_name":""},"_links":{"self":[{"href":"https:\/\/www.sssb.se\/en\/wp-json\/wp\/v2\/pages\/31070","targetHints":{"allow":["GET"]}}],"collection":[{"href":"https:\/\/www.sssb.se\/en\/wp-json\/wp\/v2\/pages"}],"about":[{"href":"https:\/\/www.sssb.se\/en\/wp-json\/wp\/v2\/types\/page"}],"author":[{"embeddable":true,"href":"https:\/\/www.sssb.se\/en\/wp-json\/wp\/v2\/users\/7"}],"replies":[{"embeddable":true,"href":"https:\/\/www.sssb.se\/en\/wp-json\/wp\/v2\/comments?post=31070"}],"version-history":[{"count":30,"href":"https:\/\/www.sssb.se\/en\/wp-json\/wp\/v2\/pages\/31070\/revisions"}],"predecessor-version":[{"id":38941,"href":"https:\/\/www.sssb.se\/en\/wp-json\/wp\/v2\/pages\/31070\/revisions\/38941"}],"acf:attachment":[{"embeddable":true,"href":"https:\/\/www.sssb.se\/en\/wp-json\/wp\/v2\/media\/2205"},{"embeddable":true,"href":"https:\/\/www.sssb.se\/en\/wp-json\/wp\/v2\/media\/2269"},{"embeddable":true,"href":"https:\/\/www.sssb.se\/en\/wp-json\/wp\/v2\/media\/2203"},{"embeddable":true,"href":"https:\/\/www.sssb.se\/en\/wp-json\/wp\/v2\/media\/35598"},{"embeddable":true,"href":"https:\/\/www.sssb.se\/en\/wp-json\/wp\/v2\/media\/2201"},{"embeddable":true,"href":"https:\/\/www.sssb.se\/en\/wp-json\/wp\/v2\/media\/2197"},{"embeddable":true,"href":"https:\/\/www.sssb.se\/en\/wp-json\/wp\/v2\/media\/31542"}],"wp:featuredmedia":[{"embeddable":true,"href":"https:\/\/www.sssb.se\/en\/wp-json\/wp\/v2\/media\/2199"}],"wp:attachment":[{"href":"https:\/\/www.sssb.se\/en\/wp-json\/wp\/v2\/media?parent=31070"}],"curies":[{"name":"wp","href":"https:\/\/api.w.org\/{rel}","templated":true}]}}