{"id":31093,"date":"2022-11-17T12:22:19","date_gmt":"2022-11-17T12:22:19","guid":{"rendered":"https:\/\/www.sssb.se\/forum"},"modified":"2026-02-11T18:42:50","modified_gmt":"2026-02-11T15:42:50","slug":"forum","status":"publish","type":"page","link":"https:\/\/www.sssb.se\/en\/forum\/","title":{"rendered":"Forum"},"content":{"rendered":"\n<p>Staying at Forum is ideal if you study at KTH, which is only a few minutes&#8217; walk away. At the same time, you are close to Stockholm University and several other universities.<\/p>\n","protected":false},"excerpt":{"rendered":"<p>Staying at Forum is ideal if you study at KTH, which is only a few minutes&#8217; walk away. At the same time, you are close to Stockholm University and several other universities.<\/p>\n","protected":false},"author":7,"featured_media":1570,"parent":0,"menu_order":0,"comment_status":"closed","ping_status":"closed","template":"templates\/template-area.php","meta":{"_acf_changed":false,"_monsterinsights_skip_tracking":false,"_monsterinsights_sitenote_active":false,"_monsterinsights_sitenote_note":"","_monsterinsights_sitenote_category":0,"footnotes":"","_links_to":"","_links_to_target":""},"class_list":["post-31093","page","type-page","status-publish","has-post-thumbnail","hentry"],"acf":{"gallery":[33034,33032,33026,33020,33022,33028,33030,35759],"icons":[{"icon":38630,"text":"Tenants' association"},{"icon":38645,"text":"Sauna "},{"icon":38626,"text":"Party room"},{"icon":38623,"text":"Gym"},{"icon":38639,"text":"Parking area"},{"icon":38659,"text":"Close to Universities"}],"related_tag":55,"additional_content":"<strong>Addresses<\/strong>\r\nK\u00f6rsb\u00e4rsv\u00e4gen 2-4, 114 23 Stockholm.\r\n\r\n<b><strong data-start=\"71\" data-end=\"92\">Built-in fixtures<\/strong>\r\n<\/b>In apartments with kitchenettes there is a fridge and cooking facilities. In apartments with kitchens there is a fridge\/freezerbox and a stove with oven. In apartments that have stoves with two hot plates and an oven you can only use two units at a time. (For example one hot plate and the oven.) Communal kitchens have fridges\/freezers and stoves with oven. All accommodations are rented unfurnished.\r\n\r\n<strong>Storage\r\n<\/strong>For booking of storage room on K\u00f6rsb\u00e4rsv\u00e4gen 2-4 B-C, contact Customer Service.\r\n\r\n<strong>Elevator<\/strong>\r\nThe elevators go up to the 3rd floor in K\u00f6rb\u00e4rsv\u00e4gen 4A and in K\u00f6rb\u00e4rsv\u00e4gen 4B-C the elevator goes up to the 5th floor.\r\n\r\n<strong>Tenants' association\r\n<\/strong>Communal function rooms such as sauna, gym and assembly rooms are available. The local tenants\u2019 association is repsonsible for these spaces.\r\n\r\n<strong>Laundry room<\/strong>\r\nThe laundry room is situated in the basement.\r\n\r\n<strong>Other\r\n<\/strong>Household electricity as well as heating of the apartment and water are included in the rent. A broadband fee is added to the rent invoice. The building has district heating. The house was built in 1969 and, in addition to housing, also houses our head office. K\u00f6rsb\u00e4rsv\u00e4gen 2B has two floors. K\u00f6rsb\u00e4rsv\u00e4gen 4A has five floors. K\u00f6rsb\u00e4rsv\u00e4gen 4B-C has six floors.","pdf_files":[{"pdf_file":34728,"pdf_file_link_text":"Download area map of Forum"}],"facts_title":"Housing facts","facts_subtitle_left":"Number of housing","facts_subtitle_right":"Average queue time","facts_table":[{"number_of_apt":"290","description":"Corridor rooms","price":"4 312-6 024 ","size":"16-28 m\u00b2","queue_time":"461 "},{"number_of_apt":"11","description":"1 room & kitchen\/kitchenette","price":"4 196-10 503 ","size":"24-50 m\u00b2","queue_time":"1083 "},{"number_of_apt":"22","description":"2 rooms & kitchenette","price":"6 297-7 035 ","size":"37-45 m\u00b2","queue_time":"1400 "},{"number_of_apt":"2","description":"3 rooms & kitchen","price":"8 217-11 681 ","size":"58-83 m\u00b2","queue_time":"1151 "}],"location":{"address":"K\u00f6rsb\u00e4rsv\u00e4gen 4, Stockholm, Sverige","lat":59.34879259999999,"lng":18.0647154,"zoom":14,"place_id":"ChIJD3WcbmudX0YRMExtF4SMVV4","street_number":4,"street_name":"K\u00f6rsb\u00e4rsv\u00e4gen","city":"Stockholm","state":"Stockholms l\u00e4n","post_code":"114 23","country":"Sverige","country_short":"SE"},"custom_marker":32034,"big_map_content":"<h4><a href=\"https:\/\/www.sssb.se\/en\/forum\/\">Residential area Forum<\/a><\/h4>\r\nHere there are corridor rooms and 1-3 rooms &amp; kitchenette\/kitchen. A total of 325 homes.\r\nThe rent is between SEK 4 312-11 681\/month.\r\nCredit days are between 461-1400 on average.","details":[{"icon":"subway","text":"100 m to the Metro station Tekniska h\u00f6gskolan"},{"icon":"food","text":"500 m to the nearest grocery store"},{"icon":"university","text":"8 min walk to the nearest university, which is KTH"}],"api_area_name":""},"_links":{"self":[{"href":"https:\/\/www.sssb.se\/en\/wp-json\/wp\/v2\/pages\/31093","targetHints":{"allow":["GET"]}}],"collection":[{"href":"https:\/\/www.sssb.se\/en\/wp-json\/wp\/v2\/pages"}],"about":[{"href":"https:\/\/www.sssb.se\/en\/wp-json\/wp\/v2\/types\/page"}],"author":[{"embeddable":true,"href":"https:\/\/www.sssb.se\/en\/wp-json\/wp\/v2\/users\/7"}],"replies":[{"embeddable":true,"href":"https:\/\/www.sssb.se\/en\/wp-json\/wp\/v2\/comments?post=31093"}],"version-history":[{"count":31,"href":"https:\/\/www.sssb.se\/en\/wp-json\/wp\/v2\/pages\/31093\/revisions"}],"predecessor-version":[{"id":39020,"href":"https:\/\/www.sssb.se\/en\/wp-json\/wp\/v2\/pages\/31093\/revisions\/39020"}],"acf:term":[{"embeddable":true,"taxonomy":"post_tag","href":"https:\/\/www.sssb.se\/en\/wp-json\/wp\/v2\/tags\/55"}],"acf:attachment":[{"embeddable":true,"href":"https:\/\/www.sssb.se\/en\/wp-json\/wp\/v2\/media\/35759"},{"embeddable":true,"href":"https:\/\/www.sssb.se\/en\/wp-json\/wp\/v2\/media\/33030"},{"embeddable":true,"href":"https:\/\/www.sssb.se\/en\/wp-json\/wp\/v2\/media\/33028"},{"embeddable":true,"href":"https:\/\/www.sssb.se\/en\/wp-json\/wp\/v2\/media\/33022"},{"embeddable":true,"href":"https:\/\/www.sssb.se\/en\/wp-json\/wp\/v2\/media\/33020"},{"embeddable":true,"href":"https:\/\/www.sssb.se\/en\/wp-json\/wp\/v2\/media\/33026"},{"embeddable":true,"href":"https:\/\/www.sssb.se\/en\/wp-json\/wp\/v2\/media\/33032"},{"embeddable":true,"href":"https:\/\/www.sssb.se\/en\/wp-json\/wp\/v2\/media\/33034"}],"wp:featuredmedia":[{"embeddable":true,"href":"https:\/\/www.sssb.se\/en\/wp-json\/wp\/v2\/media\/1570"}],"wp:attachment":[{"href":"https:\/\/www.sssb.se\/en\/wp-json\/wp\/v2\/media?parent=31093"}],"curies":[{"name":"wp","href":"https:\/\/api.w.org\/{rel}","templated":true}]}}