{"id":31095,"date":"2022-11-17T12:22:44","date_gmt":"2022-11-17T12:22:44","guid":{"rendered":"https:\/\/www.sssb.se\/freja"},"modified":"2026-03-09T15:26:19","modified_gmt":"2026-03-09T12:26:19","slug":"freja","status":"publish","type":"page","link":"https:\/\/www.sssb.se\/en\/freja\/","title":{"rendered":"Freja"},"content":{"rendered":"\n<p>Freja in T\u00e4by looks more like a scene from an Astrid Lindgren book than a student residence. Six traditional red houses with white wooden cladding located in an idyllic meadow.<\/p>\n","protected":false},"excerpt":{"rendered":"<p>Freja in T\u00e4by looks more like a scene from an Astrid Lindgren book than a student residence. Six traditional red houses with white wooden cladding located in an idyllic meadow.<\/p>\n","protected":false},"author":7,"featured_media":1482,"parent":0,"menu_order":0,"comment_status":"closed","ping_status":"closed","template":"templates\/template-area.php","meta":{"_acf_changed":false,"_monsterinsights_skip_tracking":false,"_monsterinsights_sitenote_active":false,"_monsterinsights_sitenote_note":"","_monsterinsights_sitenote_category":0,"footnotes":"","_links_to":"","_links_to_target":""},"class_list":["post-31095","page","type-page","status-publish","has-post-thumbnail","hentry"],"acf":{"gallery":[31893,31634,1480,33171,1488,33173,36760],"icons":[{"icon":38617,"text":"Close to nature"},{"icon":38626,"text":"Communal room"},{"icon":38628,"text":"BBQ area"},{"icon":38630,"text":"Tenants' association"}],"related_tag":null,"additional_content":"<strong>Address<\/strong>\r\nG\u00e4rdesv\u00e4gen 2-10, 183 30 T\u00e4by.\r\n<p data-start=\"92\" data-end=\"113\"><strong data-start=\"92\" data-end=\"113\">Built-in fixtures\r\n<\/strong>The kitchenette is equipped with a stove with oven and a refrigerator with a small freezer.\r\nAll apartments are rented unfurnished.<\/p>\r\n<strong>Storage\r\n<\/strong>There is an external storage space for each apartment. They are situated in the yard.\r\n\r\n<strong>Elevator<\/strong>\r\nNo, there is no elevator.\r\n\r\n<strong>Tenants' association\r\n<\/strong>There is an assembly room of which the local tenants\u2019 assocation is responsible.\r\n\r\n<strong>Laundry room<\/strong>\r\nThe laundry room is situated in a separate building.\r\n\r\n<strong>Other\r\n<\/strong>Household electricity as well as heating of the apartment and water are included in the rent.<br data-start=\"169\" data-end=\"172\" \/>A broadband fee is added to the rent invoice.\u00a0The building has district heating. Freja was built in 2004 and consists of small two-storey houses with six apartments on each floor.","pdf_files":null,"facts_title":"Housing facts","facts_subtitle_left":"Number of housing","facts_subtitle_right":"Average queue times","facts_table":[{"number_of_apt":"60","description":"1 room & kitchenette","price":" 4 963-5 134","size":"22-22 m\u00b2","queue_time":"430"}],"location":{"address":"G\u00e4rdesv\u00e4gen 2-10, T\u00e4by, Sverige","lat":59.4315254,"lng":18.0550347,"zoom":14,"place_id":"EiVHw6RyZGVzdsOkZ2VuIDIsIDE4MyAzMCBUw6RieSwgU3dlZGVuIjASLgoUChIJO1FKwYybX0YRTdGpQFwmfb8QAioUChIJK5d1wYybX0YRC0nyHTdFAVw","name":"G\u00e4rdesv\u00e4gen 2","street_number":2,"street_name":"G\u00e4rdesv\u00e4gen","city":"T\u00e4by","state":"Stockholms l\u00e4n","post_code":"183 30","country":"Sverige","country_short":"SE"},"custom_marker":32034,"big_map_content":"<h4><a href=\"https:\/\/www.sssb.se\/en\/freja\/\">Residential area Freja<\/a><\/h4>\r\n<span class=\"jCAhz ChMk0b\"><span class=\"ryNqvb\">It features six charming red houses. <\/span><\/span><span class=\"jCAhz ChMk0b\"><span class=\"ryNqvb\">There are a total of 60 one-bedroom apartments here.<\/span><\/span><span class=\"jCAhz ChMk0b\"><span class=\"ryNqvb\">\r\nThe rent is between 4 963-5 134.\r\nCredit days average 430 days.\r\n<\/span><\/span>\r\n\r\n&nbsp;","details":[{"icon":"train","text":"250 m to Roslagsbanan"},{"icon":"food","text":"250 m to the nearest grocery store"},{"icon":"university","text":"9 min by Roslagsbanan to the nearest university, which is SU"}],"api_area_name":""},"_links":{"self":[{"href":"https:\/\/www.sssb.se\/en\/wp-json\/wp\/v2\/pages\/31095","targetHints":{"allow":["GET"]}}],"collection":[{"href":"https:\/\/www.sssb.se\/en\/wp-json\/wp\/v2\/pages"}],"about":[{"href":"https:\/\/www.sssb.se\/en\/wp-json\/wp\/v2\/types\/page"}],"author":[{"embeddable":true,"href":"https:\/\/www.sssb.se\/en\/wp-json\/wp\/v2\/users\/7"}],"replies":[{"embeddable":true,"href":"https:\/\/www.sssb.se\/en\/wp-json\/wp\/v2\/comments?post=31095"}],"version-history":[{"count":42,"href":"https:\/\/www.sssb.se\/en\/wp-json\/wp\/v2\/pages\/31095\/revisions"}],"predecessor-version":[{"id":39102,"href":"https:\/\/www.sssb.se\/en\/wp-json\/wp\/v2\/pages\/31095\/revisions\/39102"}],"acf:attachment":[{"embeddable":true,"href":"https:\/\/www.sssb.se\/en\/wp-json\/wp\/v2\/media\/36760"},{"embeddable":true,"href":"https:\/\/www.sssb.se\/en\/wp-json\/wp\/v2\/media\/33173"},{"embeddable":true,"href":"https:\/\/www.sssb.se\/en\/wp-json\/wp\/v2\/media\/1488"},{"embeddable":true,"href":"https:\/\/www.sssb.se\/en\/wp-json\/wp\/v2\/media\/33171"},{"embeddable":true,"href":"https:\/\/www.sssb.se\/en\/wp-json\/wp\/v2\/media\/1480"},{"embeddable":true,"href":"https:\/\/www.sssb.se\/en\/wp-json\/wp\/v2\/media\/31634"},{"embeddable":true,"href":"https:\/\/www.sssb.se\/en\/wp-json\/wp\/v2\/media\/31893"}],"wp:featuredmedia":[{"embeddable":true,"href":"https:\/\/www.sssb.se\/en\/wp-json\/wp\/v2\/media\/1482"}],"wp:attachment":[{"href":"https:\/\/www.sssb.se\/en\/wp-json\/wp\/v2\/media?parent=31095"}],"curies":[{"name":"wp","href":"https:\/\/api.w.org\/{rel}","templated":true}]}}