{"id":31099,"date":"2022-11-17T12:23:42","date_gmt":"2022-11-17T12:23:42","guid":{"rendered":"https:\/\/www.sssb.se\/fyrtalet"},"modified":"2026-02-17T14:54:07","modified_gmt":"2026-02-17T11:54:07","slug":"fyrtalet","status":"publish","type":"page","link":"https:\/\/www.sssb.se\/en\/fyrtalet\/","title":{"rendered":"Fyrtalet"},"content":{"rendered":"\n<p>Fyrtalet is within walking distance of V\u00e4rtahamnen and is one of several student residences in the quiet and green district of G\u00e4rdet.<\/p>\n","protected":false},"excerpt":{"rendered":"<p>Fyrtalet is within walking distance of V\u00e4rtahamnen and is one of several student residences in the quiet and green district of G\u00e4rdet.<\/p>\n","protected":false},"author":7,"featured_media":1575,"parent":0,"menu_order":0,"comment_status":"closed","ping_status":"closed","template":"templates\/template-area.php","meta":{"_acf_changed":false,"_monsterinsights_skip_tracking":false,"_monsterinsights_sitenote_active":false,"_monsterinsights_sitenote_note":"","_monsterinsights_sitenote_category":0,"footnotes":"","_links_to":"","_links_to_target":""},"class_list":["post-31099","page","type-page","status-publish","has-post-thumbnail","hentry"],"acf":{"gallery":[33042,31637,33040],"icons":[{"icon":38630,"text":"Tenants' association"},{"icon":38626,"text":"Communal rooms"},{"icon":38645,"text":"Sauna"},{"icon":38639,"text":"Parking area"},{"icon":38617,"text":"Close to nature "}],"related_tag":null,"additional_content":"<strong>Address<\/strong>\r\nV\u00e4rtav\u00e4gen 66, 115 38 Stockholm.\r\n\r\n<b>Built- in fixtures\r\n<\/b>In apartments with kitchenettes there is a fridge and cooking facilities, at least. Oven or microwave are available in some apartments.\r\nIn apartments with kitchens there is a fridge\/freezer and a stove with oven. Communal kitchens have fridges\/freezers and stoves with oven. All apartments are rented unfurnished\r\n\r\n<strong>Storage\r\n<\/strong>Storage is available in the basement and attic.\r\n\r\n<strong>Elevator<\/strong>\r\nYes, elevator is available.\r\n\r\n<strong>Tenants' association\r\n<\/strong>Communal function rooms such as sauna and assembly rooms are available. The local tenants\u2019 association is repsonsible for these spaces.\r\n\r\n<strong>Laundry room<\/strong>\r\nThe laundry room is situated in the basement.\r\n\r\n<strong>Other\r\n<\/strong>Heating of the apartment and water are included in the rent. A broadband fee is added to the rent invoice. Household electricity is included in the rent for student rooms, but not for apartments. The property is connected to district heating. Fyrtalet has undergone a pipe replacement, meaning that the bathrooms have been renovated and fully tiled. The building was constructed in 1966 and has seven storeys.","pdf_files":null,"facts_title":"Housing facts","facts_subtitle_left":"Number of housing","facts_subtitle_right":"Average queue time","facts_table":[{"number_of_apt":"117","description":"Corridor rooms","price":"4 330-4 539 ","size":"17-18 m\u00b2","queue_time":"237"},{"number_of_apt":"3","description":"2 rooms & kitchen","price":"8 163-10 463 ","size":"37-58 m\u00b2","queue_time":"662"},{"number_of_apt":"2","description":"3 rooms & kitchen","price":"8 945-10 463 ","size":"64-77 m\u00b2","queue_time":"1648"}],"location":{"address":"V\u00e4rtav\u00e4gen 66, Stockholm, Sverige","lat":59.3473942,"lng":18.1029431,"zoom":14,"place_id":"ChIJR-jGdzadX0YRPpZxbAWorHg","street_number":66,"street_name":"V\u00e4rtav\u00e4gen","city":"Stockholm","state":"Stockholms l\u00e4n","post_code":"115 38","country":"Sverige","country_short":"SE"},"custom_marker":32034,"big_map_content":"<h4><a href=\"https:\/\/www.sssb.se\/en\/fyrtalet\/\">Residential area Fyrtalet<\/a><\/h4>\r\nHere there are corridor rooms and 2-3 rooms &amp; kitchen. A total of 122 homes.\r\nThe rent is between SEK 4 330-11 034\/month.\r\nQueuing days are between 237-1648 on average.","details":[{"icon":"subway","text":"70 m to the Metro station G\u00e4rdet"},{"icon":"food","text":"200 m to the nearest grocery store"},{"icon":"university","text":"20 min walk to the nearest universities, which are KMH and GIH"}],"api_area_name":""},"_links":{"self":[{"href":"https:\/\/www.sssb.se\/en\/wp-json\/wp\/v2\/pages\/31099","targetHints":{"allow":["GET"]}}],"collection":[{"href":"https:\/\/www.sssb.se\/en\/wp-json\/wp\/v2\/pages"}],"about":[{"href":"https:\/\/www.sssb.se\/en\/wp-json\/wp\/v2\/types\/page"}],"author":[{"embeddable":true,"href":"https:\/\/www.sssb.se\/en\/wp-json\/wp\/v2\/users\/7"}],"replies":[{"embeddable":true,"href":"https:\/\/www.sssb.se\/en\/wp-json\/wp\/v2\/comments?post=31099"}],"version-history":[{"count":28,"href":"https:\/\/www.sssb.se\/en\/wp-json\/wp\/v2\/pages\/31099\/revisions"}],"predecessor-version":[{"id":39064,"href":"https:\/\/www.sssb.se\/en\/wp-json\/wp\/v2\/pages\/31099\/revisions\/39064"}],"acf:attachment":[{"embeddable":true,"href":"https:\/\/www.sssb.se\/en\/wp-json\/wp\/v2\/media\/33040"},{"embeddable":true,"href":"https:\/\/www.sssb.se\/en\/wp-json\/wp\/v2\/media\/31637"},{"embeddable":true,"href":"https:\/\/www.sssb.se\/en\/wp-json\/wp\/v2\/media\/33042"}],"wp:featuredmedia":[{"embeddable":true,"href":"https:\/\/www.sssb.se\/en\/wp-json\/wp\/v2\/media\/1575"}],"wp:attachment":[{"href":"https:\/\/www.sssb.se\/en\/wp-json\/wp\/v2\/media?parent=31099"}],"curies":[{"name":"wp","href":"https:\/\/api.w.org\/{rel}","templated":true}]}}