{"id":31125,"date":"2022-11-17T14:08:41","date_gmt":"2022-11-17T14:08:41","guid":{"rendered":"https:\/\/www.sssb.se\/house-caretakers-office-kungshamra"},"modified":"2025-10-21T19:09:56","modified_gmt":"2025-10-21T16:09:56","slug":"house-caretakers-office-kungshamra","status":"publish","type":"page","link":"https:\/\/www.sssb.se\/en\/house-caretakers-office-kungshamra\/","title":{"rendered":"House Caretaker\u2019s Office Kungshamra"},"content":{"rendered":"\n<p>Kungshamra House Caretaker\u2019s Office is located at&nbsp;<strong>Kungshamra 1<\/strong>, 170 70 Solna.<\/p>\n\n\n\n<h2 class=\"wp-block-heading\">Contact us<\/h2>\n\n\n\n<p>If you would like to get in touch with your house caretaker or book a visit to the caretaker\u2019s office, please email&nbsp;<a>information@sssb.se<\/a>&nbsp;and our customer service team will assist you. Include your name, address, and apartment number so we can help you more quickly.<\/p>\n\n\n\n<h2 class=\"wp-block-heading\">Regular key collection the day your rental agreement starts<\/h2>\n\n\n\n<p>You can pick up your keys to your home from 14.00 the day your rental agreement starts (1st or 16th of each month). If this falls on a weekend or public holiday, you can collect your keys on the next working day.<\/p>\n\n\n\n<p><strong>If you do not<\/strong> collect your keys on the move-in day, or if you need to pick up your keys after moving in, this is done at Customer Service at K\u00f6rsb\u00e4rsv\u00e4gen 2. <a href=\"https:\/\/www.sssb.se\/en\/customer-service\/\" data-type=\"link\" data-id=\"https:\/\/www.sssb.se\/en\/customer-service\/\">See Customer service opening hours here. <\/a><\/p>\n\n\n\n<p><strong>Opening hours for regular key collection:<\/strong><br><strong>Monday \u2013 Friday:<\/strong> 2:00 PM \u2013 4:30 PM<\/p>\n","protected":false},"excerpt":{"rendered":"<p>Kungshamra House Caretaker\u2019s Office is located at&nbsp;Kungshamra 1, 170 70 Solna. Contact us If you would like to get in touch with your house caretaker or book a visit to the caretaker\u2019s office, please email&nbsp;information@sssb.se&nbsp;and our customer service team will assist you. Include your name, address, and apartment number so we can help you more [&hellip;]<\/p>\n","protected":false},"author":7,"featured_media":2233,"parent":0,"menu_order":0,"comment_status":"closed","ping_status":"closed","template":"","meta":{"_acf_changed":false,"_monsterinsights_skip_tracking":false,"_monsterinsights_sitenote_active":false,"_monsterinsights_sitenote_note":"","_monsterinsights_sitenote_category":0,"footnotes":"","_links_to":"","_links_to_target":""},"class_list":["post-31125","page","type-page","status-publish","has-post-thumbnail","hentry"],"acf":[],"_links":{"self":[{"href":"https:\/\/www.sssb.se\/en\/wp-json\/wp\/v2\/pages\/31125","targetHints":{"allow":["GET"]}}],"collection":[{"href":"https:\/\/www.sssb.se\/en\/wp-json\/wp\/v2\/pages"}],"about":[{"href":"https:\/\/www.sssb.se\/en\/wp-json\/wp\/v2\/types\/page"}],"author":[{"embeddable":true,"href":"https:\/\/www.sssb.se\/en\/wp-json\/wp\/v2\/users\/7"}],"replies":[{"embeddable":true,"href":"https:\/\/www.sssb.se\/en\/wp-json\/wp\/v2\/comments?post=31125"}],"version-history":[{"count":17,"href":"https:\/\/www.sssb.se\/en\/wp-json\/wp\/v2\/pages\/31125\/revisions"}],"predecessor-version":[{"id":37938,"href":"https:\/\/www.sssb.se\/en\/wp-json\/wp\/v2\/pages\/31125\/revisions\/37938"}],"wp:featuredmedia":[{"embeddable":true,"href":"https:\/\/www.sssb.se\/en\/wp-json\/wp\/v2\/media\/2233"}],"wp:attachment":[{"href":"https:\/\/www.sssb.se\/en\/wp-json\/wp\/v2\/media?parent=31125"}],"curies":[{"name":"wp","href":"https:\/\/api.w.org\/{rel}","templated":true}]}}