{"id":31161,"date":"2022-11-17T14:58:30","date_gmt":"2022-11-17T14:58:30","guid":{"rendered":"https:\/\/www.sssb.se\/premises-parking"},"modified":"2026-02-17T15:25:19","modified_gmt":"2026-02-17T12:25:19","slug":"premises-parking","status":"publish","type":"page","link":"https:\/\/www.sssb.se\/en\/premises-parking\/","title":{"rendered":"Premises &#038; parking"},"content":{"rendered":"\n<h2 class=\"wp-block-heading\">Our premises<\/h2>\n\n\n\n<p>In several of our properties we have commercial premises that we rent out.\nBelow you can see which premises we currently have vacant.<\/p>\n\n\n\n<p><a href=\"https:\/\/objektvision.se\/Beskriv\/258022325?ShowInactive=True\" data-type=\"link\" data-id=\"https:\/\/objektvision.se\/Beskriv\/258022325?ShowInactive=True\">Drottninggatan 67, 310 kvm<\/a><\/p>\n\n\n\n<p><a href=\"https:\/\/objektvision.se\/Beskriv\/258028591?ShowInactive=True\" data-type=\"link\" data-id=\"https:\/\/objektvision.se\/Beskriv\/258028591?ShowInactive=True\">Drottninggatan 67, 156 kvm<\/a><\/p>\n\n\n\n<p><a href=\"https:\/\/objektvision.se\/Beskriv\/258028605?ShowInactive=True\" data-type=\"link\" data-id=\"https:\/\/objektvision.se\/Beskriv\/258028605?ShowInactive=True\">Drottninggatan 67, 152 kvm<\/a><\/p>\n\n\n\n<p><a href=\"https:\/\/objektvision.se\/Beskriv\/258028699?ShowInactive=True\" data-type=\"link\" data-id=\"https:\/\/objektvision.se\/Beskriv\/258028699?ShowInactive=True\">Norra Stationsgatan 99, 274 kvm<\/a><\/p>\n\n\n\n<p><a href=\"https:\/\/objektvision.se\/Beskriv\/258038554?ShowInactive=True\" data-type=\"link\" data-id=\"https:\/\/objektvision.se\/Beskriv\/258038554?ShowInactive=True\">Norra Stationsgatan 103, 1352 kvm<\/a><\/p>\n\n\n\n<p><a href=\"https:\/\/objektvision.se\/Beskriv\/258028696?ShowInactive=True\" data-type=\"link\" data-id=\"https:\/\/objektvision.se\/Beskriv\/258028696?ShowInactive=True\">Norra Stationsgatan 103, 445 kvm<\/a><\/p>\n\n\n\n<p><a href=\"https:\/\/objektvision.se\/Beskriv\/258028675?ShowInactive=True\" data-type=\"link\" data-id=\"https:\/\/objektvision.se\/Beskriv\/258028675?ShowInactive=True\">Norra Stationsgatan 103, 907 kvm<\/a><\/p>\n\n\n\n<p><a href=\"https:\/\/objektvision.se\/Beskriv\/258007790?ShowInactive=True\" data-type=\"link\" data-id=\"https:\/\/objektvision.se\/Beskriv\/258007790?ShowInactive=True\">Professorsslingan 55, 133 kvm<\/a><\/p>\n\n\n\n<p><a href=\"https:\/\/objektvision.se\/Beskriv\/258027568?ShowInactive=True\" data-type=\"link\" data-id=\"https:\/\/objektvision.se\/Beskriv\/258027568?ShowInactive=True\">Studentbacken 21, 293 kvm<\/a><\/p>\n\n\n\n<p><a href=\"https:\/\/objektvision.se\/Beskriv\/258033836?ShowInactive=True\" data-type=\"link\" data-id=\"https:\/\/objektvision.se\/Beskriv\/258033836?ShowInactive=True\">K\u00f6rsb\u00e4rsv\u00e4gen 4, 19 kvm<\/a><\/p>\n\n\n\n<h4 class=\"wp-block-heading\">Responsible for our premises<\/h4>\n\n\n\n<p>Mathias Dymock<br>Commercial Manager<br>Stockholms studentbost\u00e4der<br><a href=\"https:\/\/www.sssb.se\/contact-mathias-dymock\/\" data-type=\"link\" data-id=\"https:\/\/www.sssb.se\/contact-mathias-dymock\/\">Contact Mathias Dymock<\/a><\/p>\n\n\n\n<p>If you are a student and want to rent a communal room in your area, you need to contact your local tenants\u2019 association.<\/p>\n\n\n\n<h2 class=\"wp-block-heading\">Our parking spaces<\/h2>\n\n\n\n<p>Stockholms studentbost\u00e4der has about 600 parking spaces, of which about 230 are garage spaces and the remaining outdoor spaces. All parking spaces are adjacent to our housing, but you do not have to be a tenant with us to rent a parking space.<\/p>\n\n\n\n<p>If you are interested in renting a parking space, want prices or other information about our rental, contact our parking operator&nbsp;<a href=\"https:\/\/pservice.se\/en\/\" target=\"_blank\" rel=\"noreferrer noopener\">Parkeringsservice Svenska AB<\/a>&nbsp;on phone 0771-77 11 00 or e-mail&nbsp;<a href=\"mailto:uthyrning@pservice.se\" target=\"_blank\" rel=\"noreferrer noopener\">uthyrning@pservice.se<\/a>.<\/p>\n","protected":false},"excerpt":{"rendered":"<p>Our premises In several of our properties we have commercial premises that we rent out. Below you can see which premises we currently have vacant. Drottninggatan 67, 310 kvm Drottninggatan 67, 156 kvm Drottninggatan 67, 152 kvm Norra Stationsgatan 99, 274 kvm Norra Stationsgatan 103, 1352 kvm Norra Stationsgatan 103, 445 kvm Norra Stationsgatan 103, [&hellip;]<\/p>\n","protected":false},"author":7,"featured_media":36457,"parent":0,"menu_order":0,"comment_status":"closed","ping_status":"closed","template":"","meta":{"_acf_changed":false,"_monsterinsights_skip_tracking":false,"_monsterinsights_sitenote_active":false,"_monsterinsights_sitenote_note":"","_monsterinsights_sitenote_category":0,"footnotes":"","_links_to":"","_links_to_target":""},"class_list":["post-31161","page","type-page","status-publish","has-post-thumbnail","hentry"],"acf":[],"_links":{"self":[{"href":"https:\/\/www.sssb.se\/en\/wp-json\/wp\/v2\/pages\/31161","targetHints":{"allow":["GET"]}}],"collection":[{"href":"https:\/\/www.sssb.se\/en\/wp-json\/wp\/v2\/pages"}],"about":[{"href":"https:\/\/www.sssb.se\/en\/wp-json\/wp\/v2\/types\/page"}],"author":[{"embeddable":true,"href":"https:\/\/www.sssb.se\/en\/wp-json\/wp\/v2\/users\/7"}],"replies":[{"embeddable":true,"href":"https:\/\/www.sssb.se\/en\/wp-json\/wp\/v2\/comments?post=31161"}],"version-history":[{"count":12,"href":"https:\/\/www.sssb.se\/en\/wp-json\/wp\/v2\/pages\/31161\/revisions"}],"predecessor-version":[{"id":39075,"href":"https:\/\/www.sssb.se\/en\/wp-json\/wp\/v2\/pages\/31161\/revisions\/39075"}],"wp:featuredmedia":[{"embeddable":true,"href":"https:\/\/www.sssb.se\/en\/wp-json\/wp\/v2\/media\/36457"}],"wp:attachment":[{"href":"https:\/\/www.sssb.se\/en\/wp-json\/wp\/v2\/media?parent=31161"}],"curies":[{"name":"wp","href":"https:\/\/api.w.org\/{rel}","templated":true}]}}