{"id":31171,"date":"2022-11-17T15:02:22","date_gmt":"2022-11-17T15:02:22","guid":{"rendered":"https:\/\/www.sssb.se\/medicinaren"},"modified":"2026-01-29T14:06:16","modified_gmt":"2026-01-29T11:06:16","slug":"flemingsberg","status":"publish","type":"page","link":"https:\/\/www.sssb.se\/en\/flemingsberg\/","title":{"rendered":"Flemingsberg"},"content":{"rendered":"\n<p>At the end of the 1990s, we bought the 14-storey Medicinaren building in Flemingsberg in Huddinge with around 300 homes.<\/p>\n","protected":false},"excerpt":{"rendered":"<p>At the end of the 1990s, we bought the 14-storey Medicinaren building in Flemingsberg in Huddinge with around 300 homes.<\/p>\n","protected":false},"author":7,"featured_media":1560,"parent":0,"menu_order":0,"comment_status":"closed","ping_status":"closed","template":"templates\/template-area.php","meta":{"_acf_changed":false,"_monsterinsights_skip_tracking":false,"_monsterinsights_sitenote_active":false,"_monsterinsights_sitenote_note":"","_monsterinsights_sitenote_category":0,"footnotes":"","_links_to":"","_links_to_target":""},"class_list":["post-31171","page","type-page","status-publish","has-post-thumbnail","hentry"],"acf":{"gallery":[1560,31663,32995,32997,34265,34263],"icons":[{"icon":38626,"text":"Communal room"},{"icon":38630,"text":"Tenants' association"},{"icon":38639,"text":"Parking"},{"icon":38617,"text":"Close to nature"},{"icon":38659,"text":"Close to Universities"},{"icon":38633,"text":"Close to shopping"}],"related_tag":null,"additional_content":"<strong>Address<\/strong>\r\nR\u00f6ntgenv\u00e4gen 1, 141 52 Huddinge.\r\n\r\n<b><strong data-start=\"71\" data-end=\"92\">Built-in fixtures<\/strong>\r\n<\/b>In the apartments with kitchenettes there is a small fridge with a freezing-compartment and a stove with oven. In the apartments with kitchen there is a fridge\/freezer and a stove with oven. The communal kitchens have fridges\/freezers and stoves with oven. All homes are rented unfurnished.\r\n\r\n<strong>Storage\r\n<\/strong>An external storage space is available to each appartment.\r\n\r\n<strong>Elevator<\/strong>\r\nYes, elevator is available.\r\n\r\n<strong>Tenants' association\r\n<\/strong>Communal function room are available.The local tenants\u2019 association is responsible for this premises.\r\n\r\n<strong>Laundry room<\/strong>\r\nThere are two laundry rooms situated on the ground floor.\r\n\r\n<strong>Other\r\n<\/strong>Household electricity as well as heating of the apartment and water are included in the rent. A broadband fee is added to the rent invoice. The building has district heating. Medicinaren was built in 1973 and bought by Stockholms studentbost\u00e4der in the late 1990s. The property has 14 floors.","pdf_files":null,"facts_title":"Housing facts","facts_subtitle_left":"Number of housing","facts_subtitle_right":"Average queue time","facts_table":[{"number_of_apt":"20","description":"Corridor rooms","price":"4 026-4 227 ","size":"17-18 m\u00b2","queue_time":"217"},{"number_of_apt":"148","description":"1 room & kitchenette","price":"3 111-7 002 ","size":"18-29 m\u00b2","queue_time":"602"},{"number_of_apt":"131","description":"2 rooms & kitchen\/kitchenette","price":"4 272- 10 971 ","size":"30-63 m\u00b2","queue_time":"541"},{"number_of_apt":"13","description":"4 rooms & kitchen","price":"9 405-10 807 ","size":"95 m\u00b2","queue_time":"557"}],"location":{"address":"R\u00f6ntgenv\u00e4gen 1, Huddinge, Sverige","lat":59.2243048,"lng":17.9364253,"zoom":14,"place_id":"ChIJJckUux9xX0YRCblVaz88Gf0","name":"R\u00f6ntgenv\u00e4gen 1","street_number":1,"street_name":"R\u00f6ntgenv\u00e4gen","city":"Huddinge","state":"Stockholms l\u00e4n","post_code":"141 52","country":"Sverige","country_short":"SE"},"custom_marker":32034,"big_map_content":"<h4><a href=\"https:\/\/www.sssb.se\/en\/medicinaren\/\">Residential area Flemingsberg<\/a><\/h4>\r\nHere there are corridor rooms and 1-4 rooms &amp; kitchenette\/kitchen. A total of 312 homes.\r\nThe rent is between SEK 3 111-10 807\/month.\r\nCredit days are between 217-602 on average.","details":[{"icon":"train","text":"800 m to the commuter train station Flemingsberg"},{"icon":"food","text":"300 m to the nearest grocery store"},{"icon":"university","text":"13 min walk to the nearest university, which is SH"}],"api_area_name":""},"_links":{"self":[{"href":"https:\/\/www.sssb.se\/en\/wp-json\/wp\/v2\/pages\/31171","targetHints":{"allow":["GET"]}}],"collection":[{"href":"https:\/\/www.sssb.se\/en\/wp-json\/wp\/v2\/pages"}],"about":[{"href":"https:\/\/www.sssb.se\/en\/wp-json\/wp\/v2\/types\/page"}],"author":[{"embeddable":true,"href":"https:\/\/www.sssb.se\/en\/wp-json\/wp\/v2\/users\/7"}],"replies":[{"embeddable":true,"href":"https:\/\/www.sssb.se\/en\/wp-json\/wp\/v2\/comments?post=31171"}],"version-history":[{"count":33,"href":"https:\/\/www.sssb.se\/en\/wp-json\/wp\/v2\/pages\/31171\/revisions"}],"predecessor-version":[{"id":38943,"href":"https:\/\/www.sssb.se\/en\/wp-json\/wp\/v2\/pages\/31171\/revisions\/38943"}],"acf:attachment":[{"embeddable":true,"href":"https:\/\/www.sssb.se\/en\/wp-json\/wp\/v2\/media\/34263"},{"embeddable":true,"href":"https:\/\/www.sssb.se\/en\/wp-json\/wp\/v2\/media\/34265"},{"embeddable":true,"href":"https:\/\/www.sssb.se\/en\/wp-json\/wp\/v2\/media\/32997"},{"embeddable":true,"href":"https:\/\/www.sssb.se\/en\/wp-json\/wp\/v2\/media\/32995"},{"embeddable":true,"href":"https:\/\/www.sssb.se\/en\/wp-json\/wp\/v2\/media\/31663"},{"embeddable":true,"href":"https:\/\/www.sssb.se\/en\/wp-json\/wp\/v2\/media\/1560"}],"wp:featuredmedia":[{"embeddable":true,"href":"https:\/\/www.sssb.se\/en\/wp-json\/wp\/v2\/media\/1560"}],"wp:attachment":[{"href":"https:\/\/www.sssb.se\/en\/wp-json\/wp\/v2\/media?parent=31171"}],"curies":[{"name":"wp","href":"https:\/\/api.w.org\/{rel}","templated":true}]}}