{"id":31184,"date":"2022-11-17T15:11:13","date_gmt":"2022-11-17T15:11:13","guid":{"rendered":"https:\/\/www.sssb.se\/nyponet"},"modified":"2026-01-29T14:16:53","modified_gmt":"2026-01-29T11:16:53","slug":"nyponet","status":"publish","type":"page","link":"https:\/\/www.sssb.se\/en\/nyponet\/","title":{"rendered":"Nyponet"},"content":{"rendered":"\n<p>Nyponet, with its 21 floors is one of Stockholm&#8217;s most famous landmarks. It&#8217;s also on a hill, so you don&#8217;t have to climb very many floors to look over the rooftops on the other side of Valhallav\u00e4gen.<\/p>\n","protected":false},"excerpt":{"rendered":"<p>Nyponet, with its 21 floors is one of Stockholm&#8217;s most famous landmarks. It&#8217;s also on a hill, so you don&#8217;t have to climb very many floors to look over the rooftops on the other side of Valhallav\u00e4gen.<\/p>\n","protected":false},"author":7,"featured_media":2181,"parent":0,"menu_order":0,"comment_status":"closed","ping_status":"closed","template":"templates\/template-area.php","meta":{"_acf_changed":false,"_monsterinsights_skip_tracking":false,"_monsterinsights_sitenote_active":false,"_monsterinsights_sitenote_note":"","_monsterinsights_sitenote_category":0,"footnotes":"","_links_to":"","_links_to_target":""},"class_list":["post-31184","page","type-page","status-publish","has-post-thumbnail","hentry"],"acf":{"gallery":[33147,33145,33141,33137,33139,33143],"icons":[{"icon":38630,"text":"Tenants' association"},{"icon":38626,"text":"Communal rooms"},{"icon":38639,"text":"Parking area"},{"icon":38659,"text":"Close to Universities"}],"related_tag":null,"additional_content":"<strong>Address<\/strong>\r\nK\u00f6rsb\u00e4rsv\u00e4gen 9, 114 23 Stockholm.\r\n\r\n<b>Built- in fixtures\r\n<\/b>In the one room apartments with kitchenettes there is a fridge with a freezing-compartment and two hot plates.\r\nIn apartments with 2-3 rooms and with kitchens\/kitchenettes there is a fridge\/freezer and a stove with oven. All apartments are rented unfurnished\r\n\r\n<strong>Storage\r\n<\/strong>There are external storage space for all apartments. They are situated on floors 1, 20 and 21.\r\n\r\n<strong>Elevator<\/strong>\r\nThere are three elevators.\r\n\r\n<strong>Tenants' association\r\n<\/strong>Communal function rooms are available. The local tenants\u2019 association is responsible for these premises. Joint association between Domus and Nyponet.\r\n\r\n<strong>Laundry room<\/strong>\r\nLaundry room is on the second floor.\r\n\r\n<strong>Other\r\n<\/strong>Heating of the apartment and water are included in the rent. A broadband fee is added to the rent invoice. The property is connected to district heating and has water-based heating. Nyponet was built in 1957. A major renovation took place in 1980. In 2017, another extensive renovation was completed, during which all water pipes were replaced and new kitchens and bathrooms were installed. The property has 21 floors.","pdf_files":null,"facts_title":"Housing facts","facts_subtitle_left":"Number of housing","facts_subtitle_right":"Average queue time","facts_table":[{"number_of_apt":"8","description":"1 room & kitchenette","price":"5 055-5 280 ","size":"17-18 m\u00b2","queue_time":"1108 "},{"number_of_apt":"120","description":"2 rooms & kitchen\/kitchenette","price":"7 583-9 587 ","size":"33-60 m\u00b2","queue_time":"1357 "},{"number_of_apt":"17","description":"3 rooms & kitchen","price":"9 464-12 719 ","size":"55-84 m\u00b2","queue_time":"1860 "}],"location":{"address":"K\u00f6rsb\u00e4rsv\u00e4gen 9, Stockholm, Sverige","lat":59.3494341,"lng":18.0626369,"zoom":14,"place_id":"ChIJga3NnmydX0YRvGzoQxBSP7c","street_number":9,"street_name":"K\u00f6rsb\u00e4rsv\u00e4gen","city":"Stockholm","state":"Stockholms l\u00e4n","post_code":"114 23","country":"Sverige","country_short":"SE"},"custom_marker":32034,"big_map_content":"<h4><a href=\"https:\/\/www.sssb.se\/en\/nyponet\/\">Residential area Nyponet<\/a><\/h4>\r\nHere you can find everything from 1 room &amp; kitchenette to 3 rooms &amp; kitchen. There are a total of 145 homes.\r\nThe rent is between SEK 5 055-12 719\/month.\r\nQueuing days are between 1108-1860 on average.","details":[{"icon":"subway","text":"400 m to the Metro station Tekniska h\u00f6gskolan"},{"icon":"food","text":"350 m to the nearest grocery store"},{"icon":"university","text":"10 min walk to the nearest university, which is KTH"}],"api_area_name":""},"_links":{"self":[{"href":"https:\/\/www.sssb.se\/en\/wp-json\/wp\/v2\/pages\/31184","targetHints":{"allow":["GET"]}}],"collection":[{"href":"https:\/\/www.sssb.se\/en\/wp-json\/wp\/v2\/pages"}],"about":[{"href":"https:\/\/www.sssb.se\/en\/wp-json\/wp\/v2\/types\/page"}],"author":[{"embeddable":true,"href":"https:\/\/www.sssb.se\/en\/wp-json\/wp\/v2\/users\/7"}],"replies":[{"embeddable":true,"href":"https:\/\/www.sssb.se\/en\/wp-json\/wp\/v2\/comments?post=31184"}],"version-history":[{"count":23,"href":"https:\/\/www.sssb.se\/en\/wp-json\/wp\/v2\/pages\/31184\/revisions"}],"predecessor-version":[{"id":38958,"href":"https:\/\/www.sssb.se\/en\/wp-json\/wp\/v2\/pages\/31184\/revisions\/38958"}],"acf:attachment":[{"embeddable":true,"href":"https:\/\/www.sssb.se\/en\/wp-json\/wp\/v2\/media\/33143"},{"embeddable":true,"href":"https:\/\/www.sssb.se\/en\/wp-json\/wp\/v2\/media\/33139"},{"embeddable":true,"href":"https:\/\/www.sssb.se\/en\/wp-json\/wp\/v2\/media\/33137"},{"embeddable":true,"href":"https:\/\/www.sssb.se\/en\/wp-json\/wp\/v2\/media\/33141"},{"embeddable":true,"href":"https:\/\/www.sssb.se\/en\/wp-json\/wp\/v2\/media\/33145"},{"embeddable":true,"href":"https:\/\/www.sssb.se\/en\/wp-json\/wp\/v2\/media\/33147"}],"wp:featuredmedia":[{"embeddable":true,"href":"https:\/\/www.sssb.se\/en\/wp-json\/wp\/v2\/media\/2181"}],"wp:attachment":[{"href":"https:\/\/www.sssb.se\/en\/wp-json\/wp\/v2\/media?parent=31184"}],"curies":[{"name":"wp","href":"https:\/\/api.w.org\/{rel}","templated":true}]}}