{"id":31186,"date":"2022-11-17T15:11:46","date_gmt":"2022-11-17T15:11:46","guid":{"rendered":"https:\/\/www.sssb.se\/pax"},"modified":"2026-04-14T11:26:04","modified_gmt":"2026-04-14T08:26:04","slug":"pax","status":"publish","type":"page","link":"https:\/\/www.sssb.se\/en\/pax\/","title":{"rendered":"Pax"},"content":{"rendered":"\n<p>Pax is located in Huvudsta. A quiet part of Solna with proximity to both green areas, swimming and city life. Right next to it is the subway (station V\u00e4stra Skogen).<\/p>\n","protected":false},"excerpt":{"rendered":"<p>Pax is located in Huvudsta. A quiet part of Solna with proximity to both green areas, swimming and city life. Right next to it is the subway (station V\u00e4stra Skogen).<\/p>\n","protected":false},"author":7,"featured_media":1531,"parent":0,"menu_order":0,"comment_status":"closed","ping_status":"closed","template":"templates\/template-area.php","meta":{"_acf_changed":false,"_monsterinsights_skip_tracking":false,"_monsterinsights_sitenote_active":false,"_monsterinsights_sitenote_note":"","_monsterinsights_sitenote_category":0,"footnotes":"","_links_to":"","_links_to_target":""},"class_list":["post-31186","page","type-page","status-publish","has-post-thumbnail","hentry"],"acf":{"gallery":[32938,34249,32940,32932,32934,32936],"icons":[{"icon":38617,"text":"Close to nature"},{"icon":38623,"text":"Outdoor gym at Strix"},{"icon":38651,"text":"Close to the beach"},{"icon":38630,"text":"Tenants' association"},{"icon":38626,"text":"Communal room"},{"icon":38674,"text":"Reuse Room"}],"related_tag":57,"additional_content":"<strong>Address<\/strong>\r\nEmmylundsv\u00e4gen 1, 3 and 5, 171 72 Solna.\r\n\r\n<b>Built-in fixtures\r\n<\/b>In apartments with one room and a kitchenette, there is a stove with an oven and a fridge with a small freezer compartment. In apartments with two to three rooms and a kitchenette or kitchen, there is a stove with an oven and a fridge\/freezer. The shared kitchens are equipped with fridges\/freezers and stoves with ovens. All accommodations are rented unfurnished.\r\n\r\n<strong>Storage\r\n<\/strong>On Emmylundsv\u00e4gen 5 there are external storage<span class=\"Y2IQFc\" lang=\"en\">\u00a0connected to the home.\r\n<\/span>For booking of storage room on Emmylundsv\u00e4gen 1-3, contact Customer Service.\r\n\r\n<strong>Elevator<\/strong>\r\nYes, there is elevators available in both buildings.\r\n\r\n<strong>House Caretaker\u2019s office Strix<\/strong>\r\nThe address of the office is Arm\u00e9gatan 32A, 171 71 Solna.\r\n\r\n<strong>Tenants' association\r\n<\/strong>There is a local tenants\u2019 association.\r\n\r\n<strong>Laundry room\r\n<\/strong>Laundry rooms are located on the ground floor at Emmylundsv\u00e4gen 1\u20133 and on floor -1 at Emmylundsv\u00e4gen 5.\r\n\r\n<strong data-start=\"44\" data-end=\"58\">Reuse Room<\/strong><br data-start=\"58\" data-end=\"61\" \/>There is a reuse room in the building where tenants can leave and pick up items.\r\n\r\n<strong>Other\r\n<\/strong>At Emmylundv\u00e4gen 1 and 3 the broadband fee, electricity, heating and water is included in the rent. At Emmylundv\u00e4gen 5 the broadband fee, heating and water is included in the rent. For the electricity there is individual electricity metering. Emmylundv\u00e4gen 1 and 3 was built in 1970. Emmylundv\u00e4gen 5 was built in 2004. Emmylundsv\u00e4gen 1-3 has nine floors and Emmylundsv\u00e4gen 5 has eight floors.","pdf_files":[{"pdf_file":34715,"pdf_file_link_text":"Download area map of Pax"}],"facts_title":"Housing facts","facts_subtitle_left":"Number of housing","facts_subtitle_right":"Average queue time","facts_table":[{"number_of_apt":"360","description":"Corridor rooms","price":"3 846-5 262","size":"17-18 m\u00b2","queue_time":"214 "},{"number_of_apt":"148","description":"1 room & kitchenette","price":"4 900-5 064","size":"21-22 m\u00b2","queue_time":"599 "},{"number_of_apt":"26","description":"2 rooms & kitchenette","price":"7 490-12 141 ","size":"35-59 m\u00b2","queue_time":"1029 "},{"number_of_apt":"1","description":"3 rooms & kitchen","price":"9 643 ","size":"83 m\u00b2","queue_time":"905 "}],"location":{"address":"Emmylundsv\u00e4gen 1-5, Solna, Sverige","lat":59.3477573,"lng":18.0008697,"zoom":14,"place_id":"EidFbW15bHVuZHN2w6RnZW4gMSwgMTcxIDcyIFNvbG5hLCBTd2VkZW4iMBIuChQKEgknJx7-jZ1fRhHw_uSoPbJZ1RABKhQKEglDgB_-jZ1fRhF64XD-JxmD8Q","name":"Emmylundsv\u00e4gen 1","street_number":1,"street_name":"Emmylundsv\u00e4gen","city":"Solna","state":"Stockholms l\u00e4n","post_code":"171 72","country":"Sverige","country_short":"SE"},"custom_marker":32034,"big_map_content":"<h4><a href=\"https:\/\/www.sssb.se\/en\/pax\/\">Residential area Pax<\/a><\/h4>\r\nHere there are corridor rooms and 1-3 rooms &amp; kitchenette\/kitchen. A total of 535 homes.\r\nThe rent is between SEK 3 846-9 643\/month.\r\nCredit days are between 214-1029 on average.","details":[{"icon":"subway","text":"150 m to the Metro station V\u00e4stra skogen"},{"icon":"food","text":"150 m to the nearest grocery store"},{"icon":"university","text":"12 minutes by bike to the nearest university, which is KI"}],"api_area_name":""},"_links":{"self":[{"href":"https:\/\/www.sssb.se\/en\/wp-json\/wp\/v2\/pages\/31186","targetHints":{"allow":["GET"]}}],"collection":[{"href":"https:\/\/www.sssb.se\/en\/wp-json\/wp\/v2\/pages"}],"about":[{"href":"https:\/\/www.sssb.se\/en\/wp-json\/wp\/v2\/types\/page"}],"author":[{"embeddable":true,"href":"https:\/\/www.sssb.se\/en\/wp-json\/wp\/v2\/users\/7"}],"replies":[{"embeddable":true,"href":"https:\/\/www.sssb.se\/en\/wp-json\/wp\/v2\/comments?post=31186"}],"version-history":[{"count":39,"href":"https:\/\/www.sssb.se\/en\/wp-json\/wp\/v2\/pages\/31186\/revisions"}],"predecessor-version":[{"id":39279,"href":"https:\/\/www.sssb.se\/en\/wp-json\/wp\/v2\/pages\/31186\/revisions\/39279"}],"acf:term":[{"embeddable":true,"taxonomy":"post_tag","href":"https:\/\/www.sssb.se\/en\/wp-json\/wp\/v2\/tags\/57"}],"acf:attachment":[{"embeddable":true,"href":"https:\/\/www.sssb.se\/en\/wp-json\/wp\/v2\/media\/32936"},{"embeddable":true,"href":"https:\/\/www.sssb.se\/en\/wp-json\/wp\/v2\/media\/32934"},{"embeddable":true,"href":"https:\/\/www.sssb.se\/en\/wp-json\/wp\/v2\/media\/32932"},{"embeddable":true,"href":"https:\/\/www.sssb.se\/en\/wp-json\/wp\/v2\/media\/32940"},{"embeddable":true,"href":"https:\/\/www.sssb.se\/en\/wp-json\/wp\/v2\/media\/34249"},{"embeddable":true,"href":"https:\/\/www.sssb.se\/en\/wp-json\/wp\/v2\/media\/32938"}],"wp:featuredmedia":[{"embeddable":true,"href":"https:\/\/www.sssb.se\/en\/wp-json\/wp\/v2\/media\/1531"}],"wp:attachment":[{"href":"https:\/\/www.sssb.se\/en\/wp-json\/wp\/v2\/media?parent=31186"}],"curies":[{"name":"wp","href":"https:\/\/api.w.org\/{rel}","templated":true}]}}