{"id":31193,"date":"2022-11-17T15:15:02","date_gmt":"2022-11-17T15:15:02","guid":{"rendered":"https:\/\/www.sssb.se\/strix"},"modified":"2026-04-14T11:28:14","modified_gmt":"2026-04-14T08:28:14","slug":"strix","status":"publish","type":"page","link":"https:\/\/www.sssb.se\/en\/strix\/","title":{"rendered":"Strix"},"content":{"rendered":"\n<p>Strix is located in Huvudsta in Solna, with proximity to green areas as well as the center of Solna and the Karolinska Institutet. The Strix area consists of three houses. One house was built in 1963 and has a mix of student rooms and apartments. The two new houses were built in 2017 and consist of student flats and two-room apartments.<\/p>\n","protected":false},"excerpt":{"rendered":"<p>Strix is located in Huvudsta in Solna, with proximity to green areas as well as the center of Solna and the Karolinska Institutet. The Strix area consists of three houses. One house was built in 1963 and has a mix of student rooms and apartments. The two new houses were built in 2017 and consist [&hellip;]<\/p>\n","protected":false},"author":7,"featured_media":1521,"parent":0,"menu_order":0,"comment_status":"closed","ping_status":"closed","template":"templates\/template-area.php","meta":{"_acf_changed":false,"_monsterinsights_skip_tracking":false,"_monsterinsights_sitenote_active":false,"_monsterinsights_sitenote_note":"","_monsterinsights_sitenote_category":0,"footnotes":"","_links_to":"","_links_to_target":""},"class_list":["post-31193","page","type-page","status-publish","has-post-thumbnail","hentry"],"acf":{"gallery":[1521,1523,32947,32943,32945,32949],"icons":[{"icon":38617,"text":"Close to nature"},{"icon":38630,"text":"Tenants' association"},{"icon":38623,"text":"Outdoor gym"},{"icon":38626,"text":"Communal room"},{"icon":38639,"text":"Parking"}],"related_tag":30,"additional_content":"<strong>Address<\/strong>\r\nArm\u00e9gatan 32-34, 171 59 Solna.\r\n\r\n<b>Built-in fixtures\r\n<\/b>In apartments with one room and a kitchenette, there is a stove with an oven and a fridge with a small freezer compartment. In apartments with two to three rooms and a kitchenette or kitchen, there is a stove with an oven and a fridge\/freezer. The shared kitchens are equipped with fridges\/freezers and stoves with ovens. All accommodations are rented unfurnished\r\n\r\n<strong>Storage\r\n<\/strong>For booking of storage room on Arm\u00e9gatan 32A and 34, contact Customer Service. Arm\u00e9gatan 32B and C have storage rooms connected to the home.\r\n\r\n<strong>Elevator<\/strong>\r\nYes, there are elevators available at Arm\u00e9gatan 32A-C and 34.\r\n\r\n<strong>Tenants' association\r\n<\/strong>There is an assembly room of which the local tenants\u2019 assocation is responsible.\r\n\r\n<strong>Laundry room<\/strong>\r\nFor Arm\u00e9gatan 32A + 34 laundry room is situated in the basement.\r\nFor Arm\u00e9gatan 32B and 32C laundry room is situated on Arm\u00e9gatan 32C.\r\n\r\n<strong>Other\r\n<\/strong>Heating of the apartment is included in the rent. A broadband fee is added to the rent invoice. Arm\u00e9gatan 32B and 32C have individual water metering. Arm\u00e9gatan 32A and 34 were built in 1963, while Arm\u00e9gatan 32B and 32C were built in 2017. Arm\u00e9gatan 32A and 34 have nine floors. Arm\u00e9gatan 32B\u2013C have ten floors.","pdf_files":[{"pdf_file":34701,"pdf_file_link_text":"Download area map of Strix"}],"facts_title":"Housing facts","facts_subtitle_left":"Number of housing","facts_subtitle_right":"Average queue time","facts_table":[{"number_of_apt":"228","description":"Corridor rooms","price":"3 333-4 769 kr\/m\u00e5n","size":"15-16 m\u00b2","queue_time":"220"},{"number_of_apt":"224","description":"1 room & kitchen\/kitchenette","price":"5 654-8 055 kr\/m\u00e5n","size":"20-40 m\u00b2","queue_time":"547"},{"number_of_apt":"58","description":"2 rooms & kitchen\/kitchenette","price":"5 072-10 786 kr\/m\u00e5n","size":"34-63 m\u00b2","queue_time":"654"},{"number_of_apt":"38","description":"3 rooms & kitchen","price":"6 548 kr\/m\u00e5n","size":"55-56 m\u00b2","queue_time":"1083"}],"location":{"address":"Arm\u00e9gatan 32, Solna, Sverige","lat":59.3500745,"lng":18.002713,"zoom":14,"place_id":"ChIJvUTHhZGdX0YRWfQNiZuCZ_A","name":"Arm\u00e9gatan 32","street_number":32,"street_name":"Arm\u00e9gatan","city":"Solna","state":"Stockholms l\u00e4n","post_code":"171 71","country":"Sverige","country_short":"SE"},"custom_marker":32034,"big_map_content":"<h4><a href=\"https:\/\/www.sssb.se\/en\/strix\/\">Residential area Strix<\/a><\/h4>\r\n<span class=\"jCAhz ChMk0b\"><span class=\"ryNqvb\">Here there are corridor rooms and 1-3 rooms &amp; kitchenette\/kitchen. A total of 548 homes.\r\nThe rent is between SEK 3 333-10 786\/month.\r\nQueuing days are between 220-1 083 on average.<\/span><\/span>","details":[{"icon":"subway","text":"300 m to the Metro station V\u00e4stra skogen"},{"icon":"food","text":"50 m to the nearest grocery store"},{"icon":"university","text":"11 minutes by bike to the nearest university, which is KI"}],"api_area_name":""},"_links":{"self":[{"href":"https:\/\/www.sssb.se\/en\/wp-json\/wp\/v2\/pages\/31193","targetHints":{"allow":["GET"]}}],"collection":[{"href":"https:\/\/www.sssb.se\/en\/wp-json\/wp\/v2\/pages"}],"about":[{"href":"https:\/\/www.sssb.se\/en\/wp-json\/wp\/v2\/types\/page"}],"author":[{"embeddable":true,"href":"https:\/\/www.sssb.se\/en\/wp-json\/wp\/v2\/users\/7"}],"replies":[{"embeddable":true,"href":"https:\/\/www.sssb.se\/en\/wp-json\/wp\/v2\/comments?post=31193"}],"version-history":[{"count":33,"href":"https:\/\/www.sssb.se\/en\/wp-json\/wp\/v2\/pages\/31193\/revisions"}],"predecessor-version":[{"id":39282,"href":"https:\/\/www.sssb.se\/en\/wp-json\/wp\/v2\/pages\/31193\/revisions\/39282"}],"acf:term":[{"embeddable":true,"taxonomy":"post_tag","href":"https:\/\/www.sssb.se\/en\/wp-json\/wp\/v2\/tags\/30"}],"acf:attachment":[{"embeddable":true,"href":"https:\/\/www.sssb.se\/en\/wp-json\/wp\/v2\/media\/32949"},{"embeddable":true,"href":"https:\/\/www.sssb.se\/en\/wp-json\/wp\/v2\/media\/32945"},{"embeddable":true,"href":"https:\/\/www.sssb.se\/en\/wp-json\/wp\/v2\/media\/32943"},{"embeddable":true,"href":"https:\/\/www.sssb.se\/en\/wp-json\/wp\/v2\/media\/32947"},{"embeddable":true,"href":"https:\/\/www.sssb.se\/en\/wp-json\/wp\/v2\/media\/1523"},{"embeddable":true,"href":"https:\/\/www.sssb.se\/en\/wp-json\/wp\/v2\/media\/1521"}],"wp:featuredmedia":[{"embeddable":true,"href":"https:\/\/www.sssb.se\/en\/wp-json\/wp\/v2\/media\/1521"}],"wp:attachment":[{"href":"https:\/\/www.sssb.se\/en\/wp-json\/wp\/v2\/media?parent=31193"}],"curies":[{"name":"wp","href":"https:\/\/api.w.org\/{rel}","templated":true}]}}